{"id":61,"date":"2014-05-14T14:49:18","date_gmt":"2014-05-14T12:49:18","guid":{"rendered":"http:\/\/www.luludog.cz\/?page_id=61"},"modified":"2020-10-23T19:44:05","modified_gmt":"2020-10-23T17:44:05","slug":"kontakt","status":"publish","type":"page","link":"https:\/\/www.luludog.cz\/?page_id=61","title":{"rendered":"Kontakt"},"content":{"rendered":"<p style=\"text-align: center;\"><strong>\u00a0\u00a0\u00a0\u00a0\u00a0\u00a0\u00a0\u00a0\u00a0\u00a0\u00a0\u00a0\u00a0\u00a0\u00a0\u00a0\u00a0\u00a0\u00a0\u00a0\u00a0\u00a0\u00a0\u00a0\u00a0\u00a0\u00a0\u00a0\u00a0\u00a0\u00a0\u00a0\u00a0\u00a0\u00a0\u00a0\u00a0\u00a0\u00a0\u00a0\u00a0\u00a0\u00a0\u00a0\u00a0\u00a0\u00a0\u00a0\u00a0\u00a0\u00a0\u00a0\u00a0\u00a0\u00a0\u00a0\u00a0\u00a0 Pavla Divi\u0161ov\u00e1<\/strong><\/p>\n<p style=\"text-align: center;\"><a href=\"http:\/\/www.luludog.cz\/wp-content\/uploads\/2014\/05\/419717_4286960503295_713408523_n.jpg\"><span style=\"color: #000000;\">B\u00edlkovice 11, Divi\u0161ov<\/span><img loading=\"lazy\" decoding=\"async\" class=\" size-full wp-image-1019 alignleft\" src=\"http:\/\/www.luludog.cz\/wp-content\/uploads\/2014\/05\/419717_4286960503295_713408523_n.jpg\" alt=\"419717_4286960503295_713408523_n\" width=\"206\" height=\"269\" srcset=\"https:\/\/www.luludog.cz\/wp-content\/uploads\/2014\/05\/419717_4286960503295_713408523_n.jpg 206w, https:\/\/www.luludog.cz\/wp-content\/uploads\/2014\/05\/419717_4286960503295_713408523_n-115x150.jpg 115w\" sizes=\"auto, (max-width: 206px) 100vw, 206px\" \/><\/a><\/p>\n<p style=\"text-align: center;\"><strong>I\u010d. 87665743<\/strong><\/p>\n<p style=\"text-align: center;\"><strong>\u00a0tel.\u00a0 605219797<\/strong><\/p>\n<p style=\"text-align: center;\">Pro hotel v Zaje\u010dic\u00edch, pros\u00edm volejte: 603 213 124 (Dana Drmelov\u00e1)<\/p>\n<p style=\"text-align: center;\"><strong>email: info@luludog.cz<\/strong><\/p>\n<p style=\"text-align: center;\">V p\u0159\u00edpad\u011b jak\u00e9hokoli dotazu n\u00e1s kontaktujte :)<\/p>\n<p style=\"text-align: center;\">\u00a0\u00a0\u00a0\u00a0\u00a0\u00a0\u00a0\u00a0\u00a0\u00a0\u00a0\u00a0\u00a0\u00a0\u00a0\u00a0\u00a0\u00a0\u00a0\u00a0\u00a0\u00a0\u00a0\u00a0\u00a0\u00a0\u00a0\u00a0\u00a0\u00a0\u00a0\u00a0\u00a0\u00a0\u00a0\u00a0\u00a0\u00a0\u00a0\u00a0\u00a0\u00a0\u00a0\u00a0\u00a0\u00a0\u00a0\u00a0\u00a0\u00a0\u00a0\u00a0\u00a0\u00a0\u00a0\u00a0\u00a0\u00a0\u00a0\u00a0 T\u011b\u0161\u00edme se!<\/p>\n","protected":false},"excerpt":{"rendered":"<p>\u00a0\u00a0\u00a0\u00a0\u00a0\u00a0\u00a0\u00a0\u00a0\u00a0\u00a0\u00a0\u00a0\u00a0\u00a0\u00a0\u00a0\u00a0\u00a0\u00a0\u00a0\u00a0\u00a0\u00a0\u00a0\u00a0\u00a0\u00a0\u00a0\u00a0\u00a0\u00a0\u00a0\u00a0\u00a0\u00a0\u00a0\u00a0\u00a0\u00a0\u00a0\u00a0\u00a0\u00a0\u00a0\u00a0\u00a0\u00a0\u00a0\u00a0\u00a0\u00a0\u00a0\u00a0\u00a0\u00a0\u00a0\u00a0 Pavla Divi\u0161ov\u00e1 B\u00edlkovice 11, Divi\u0161ov I\u010d. 87665743 \u00a0tel.\u00a0 605219797 Pro hotel v Zaje\u010dic\u00edch, pros\u00edm volejte: 603 213 124 (Dana Drmelov\u00e1) email: info@luludog.cz V p\u0159\u00edpad\u011b jak\u00e9hokoli dotazu n\u00e1s kontaktujte :) \u00a0\u00a0\u00a0\u00a0\u00a0\u00a0\u00a0\u00a0\u00a0\u00a0\u00a0\u00a0\u00a0\u00a0\u00a0\u00a0\u00a0\u00a0\u00a0\u00a0\u00a0\u00a0\u00a0\u00a0\u00a0\u00a0\u00a0\u00a0\u00a0\u00a0\u00a0\u00a0\u00a0\u00a0\u00a0\u00a0\u00a0\u00a0\u00a0\u00a0\u00a0\u00a0\u00a0\u00a0\u00a0\u00a0\u00a0\u00a0\u00a0\u00a0\u00a0\u00a0\u00a0\u00a0\u00a0\u00a0\u00a0\u00a0\u00a0\u00a0 T\u011b\u0161\u00edme se!<\/p>\n","protected":false},"author":1,"featured_media":0,"parent":0,"menu_order":0,"comment_status":"open","ping_status":"open","template":"","meta":{"footnotes":""},"class_list":["post-61","page","type-page","status-publish","hentry"],"_links":{"self":[{"href":"https:\/\/www.luludog.cz\/index.php?rest_route=\/wp\/v2\/pages\/61","targetHints":{"allow":["GET"]}}],"collection":[{"href":"https:\/\/www.luludog.cz\/index.php?rest_route=\/wp\/v2\/pages"}],"about":[{"href":"https:\/\/www.luludog.cz\/index.php?rest_route=\/wp\/v2\/types\/page"}],"author":[{"embeddable":true,"href":"https:\/\/www.luludog.cz\/index.php?rest_route=\/wp\/v2\/users\/1"}],"replies":[{"embeddable":true,"href":"https:\/\/www.luludog.cz\/index.php?rest_route=%2Fwp%2Fv2%2Fcomments&post=61"}],"version-history":[{"count":13,"href":"https:\/\/www.luludog.cz\/index.php?rest_route=\/wp\/v2\/pages\/61\/revisions"}],"predecessor-version":[{"id":1176,"href":"https:\/\/www.luludog.cz\/index.php?rest_route=\/wp\/v2\/pages\/61\/revisions\/1176"}],"wp:attachment":[{"href":"https:\/\/www.luludog.cz\/index.php?rest_route=%2Fwp%2Fv2%2Fmedia&parent=61"}],"curies":[{"name":"wp","href":"https:\/\/api.w.org\/{rel}","templated":true}]}}