{"id":44,"date":"2014-05-14T14:21:37","date_gmt":"2014-05-14T12:21:37","guid":{"rendered":"http:\/\/www.luludog.cz\/?page_id=44"},"modified":"2023-12-04T19:02:32","modified_gmt":"2023-12-04T18:02:32","slug":"uvod","status":"publish","type":"page","link":"https:\/\/www.luludog.cz\/","title":{"rendered":"Luludog"},"content":{"rendered":"<p style=\"text-align: center;\"><strong>Luludog profesion\u00e1ln\u00ed p\u00e9\u010de a poradenstv\u00ed<br \/>\n<\/strong><\/p>\n<p style=\"text-align: center;\">Pot\u0159ebujete pomoc se sv\u00fdm pejskem nebo se jen poradit?<\/p>\n<p style=\"text-align: center;\">Hl\u00edd\u00e1me v soukrom\u00e9 dom\u00e1c\u00ed p\u00e9\u010di, kde maj\u00ed pejsci nejv\u011bt\u0161\u00ed komfort a nebo nab\u00edz\u00edme hotelov\u00e9 hl\u00edd\u00e1n\u00ed mo\u017eno i s intenzivn\u00edm v\u00fdcvikem.\u00a0 Nab\u00edz\u00edme tak\u00e9 z\u00e1kladn\u00ed <strong>v\u00fdcvik a socializaci<\/strong> pro pejsky- \u0161t\u011b\u0148\u00e1tka.<\/p>\n<p style=\"text-align: center;\">\n<p style=\"text-align: center;\">Teprve o pejsku p\u0159em\u00fd\u0161l\u00edte? <strong>Pom\u016f\u017eeme v\u00e1m vybrat plemeno<\/strong>, kter\u00e9 se hod\u00ed k va\u0161emu \u017eivotn\u00edmu stylu.<\/p>\n<p style=\"text-align: center;\">(Pom\u016f\u017eeme sehnat \u0161t\u011b\u0148\u00e1tko jen s PP)<\/p>\n<p style=\"text-align: center;\"><strong>Po dobu dovolen\u00e9 pohl\u00edd\u00e1me Va\u0161eho pejska<\/strong><\/p>\n<p style=\"text-align: center;\"><a href=\"http:\/\/www.luludog.cz\/wp-content\/uploads\/2014\/05\/IMG_1246.jpg\"><img loading=\"lazy\" decoding=\"async\" class=\"aligncenter  wp-image-1036\" src=\"http:\/\/www.luludog.cz\/wp-content\/uploads\/2014\/05\/IMG_1246.jpg\" alt=\"img_1246\" width=\"415\" height=\"312\" srcset=\"https:\/\/www.luludog.cz\/wp-content\/uploads\/2014\/05\/IMG_1246.jpg 4501w, https:\/\/www.luludog.cz\/wp-content\/uploads\/2014\/05\/IMG_1246-150x113.jpg 150w, https:\/\/www.luludog.cz\/wp-content\/uploads\/2014\/05\/IMG_1246-300x225.jpg 300w, https:\/\/www.luludog.cz\/wp-content\/uploads\/2014\/05\/IMG_1246-510x383.jpg 510w, https:\/\/www.luludog.cz\/wp-content\/uploads\/2014\/05\/IMG_1246-1140x857.jpg 1140w\" sizes=\"auto, (max-width: 415px) 100vw, 415px\" \/><\/a><\/p>\n<p style=\"text-align: center;\">Slibujeme 100% spolehlivost, individu\u00e1ln\u00ed a velice p\u0159\u00e1telsk\u00fd p\u0159\u00edstup k\u00a0pejsk\u016fm, ale i jejich p\u00e1n\u00ed\u010dk\u016fm ;)<\/p>\n<p style=\"text-align: center;\"><strong>V\u00edce informac\u00ed<\/strong><strong> na tel. 605\u00a0219 797 nebo emailu info@luludog.cz (Pavla Divi\u0161ov\u00e1)<br \/>\n<\/strong><\/p>\n<p style=\"text-align: center;\">Pro hotel v Zaje\u010dic\u00edch, pros\u00edm volejte: 603 213 124 nebo email dana.drmelova@seznam.cz (Dana Drmelov\u00e1)<\/p>\n<p style=\"text-align: center;\"><a href=\"http:\/\/www.luludog.cz\/wp-content\/uploads\/2014\/05\/IMG_4275.jpg\"><img loading=\"lazy\" decoding=\"async\" class=\" size-medium wp-image-1108 aligncenter\" src=\"http:\/\/www.luludog.cz\/wp-content\/uploads\/2014\/05\/IMG_4275-300x209.jpg\" alt=\"IMG_4275\" width=\"300\" height=\"209\" srcset=\"https:\/\/www.luludog.cz\/wp-content\/uploads\/2014\/05\/IMG_4275-300x209.jpg 300w, https:\/\/www.luludog.cz\/wp-content\/uploads\/2014\/05\/IMG_4275-150x104.jpg 150w, https:\/\/www.luludog.cz\/wp-content\/uploads\/2014\/05\/IMG_4275-510x355.jpg 510w, https:\/\/www.luludog.cz\/wp-content\/uploads\/2014\/05\/IMG_4275-1140x794.jpg 1140w\" sizes=\"auto, (max-width: 300px) 100vw, 300px\" \/><\/a><\/p>\n","protected":false},"excerpt":{"rendered":"<p>Luludog profesion\u00e1ln\u00ed p\u00e9\u010de a poradenstv\u00ed Pot\u0159ebujete pomoc se sv\u00fdm pejskem nebo se jen poradit? Hl\u00edd\u00e1me v soukrom\u00e9 dom\u00e1c\u00ed p\u00e9\u010di, kde maj\u00ed pejsci nejv\u011bt\u0161\u00ed komfort a nebo nab\u00edz\u00edme hotelov\u00e9 hl\u00edd\u00e1n\u00ed mo\u017eno i s intenzivn\u00edm v\u00fdcvikem.\u00a0 Nab\u00edz\u00edme tak\u00e9 z\u00e1kladn\u00ed v\u00fdcvik a socializaci pro pejsky- \u0161t\u011b\u0148\u00e1tka. Teprve o pejsku p\u0159em\u00fd\u0161l\u00edte? Pom\u016f\u017eeme v\u00e1m vybrat plemeno, kter\u00e9 se hod\u00ed k [&hellip;]<\/p>\n","protected":false},"author":1,"featured_media":0,"parent":0,"menu_order":1,"comment_status":"open","ping_status":"open","template":"","meta":{"footnotes":""},"class_list":["post-44","page","type-page","status-publish","hentry"],"_links":{"self":[{"href":"https:\/\/www.luludog.cz\/index.php?rest_route=\/wp\/v2\/pages\/44","targetHints":{"allow":["GET"]}}],"collection":[{"href":"https:\/\/www.luludog.cz\/index.php?rest_route=\/wp\/v2\/pages"}],"about":[{"href":"https:\/\/www.luludog.cz\/index.php?rest_route=\/wp\/v2\/types\/page"}],"author":[{"embeddable":true,"href":"https:\/\/www.luludog.cz\/index.php?rest_route=\/wp\/v2\/users\/1"}],"replies":[{"embeddable":true,"href":"https:\/\/www.luludog.cz\/index.php?rest_route=%2Fwp%2Fv2%2Fcomments&post=44"}],"version-history":[{"count":43,"href":"https:\/\/www.luludog.cz\/index.php?rest_route=\/wp\/v2\/pages\/44\/revisions"}],"predecessor-version":[{"id":1197,"href":"https:\/\/www.luludog.cz\/index.php?rest_route=\/wp\/v2\/pages\/44\/revisions\/1197"}],"wp:attachment":[{"href":"https:\/\/www.luludog.cz\/index.php?rest_route=%2Fwp%2Fv2%2Fmedia&parent=44"}],"curies":[{"name":"wp","href":"https:\/\/api.w.org\/{rel}","templated":true}]}}