{"id":34,"date":"2014-05-14T13:54:18","date_gmt":"2014-05-14T11:54:18","guid":{"rendered":"http:\/\/www.luludog.cz\/?page_id=34"},"modified":"2021-09-25T20:33:17","modified_gmt":"2021-09-25T18:33:17","slug":"vycvik","status":"publish","type":"page","link":"https:\/\/www.luludog.cz\/?page_id=34","title":{"rendered":"V\u00fdcvik a socializace ps\u016f"},"content":{"rendered":"<p style=\"text-align: center;\"><strong>Nab\u00edz\u00edme spole\u010dn\u00e9 v\u00fdcvikov\u00e9 kurzy na rodinn\u00e9m cvi\u010di\u0161ti a nebo soukrom\u00e9 lekce i v jin\u00e9 lokalit\u011b<br \/>\n<\/strong><\/p>\n<hr \/>\n<p style=\"text-align: center;\"><strong>Cvi\u010d\u00e1k Zaje\u010dice Podzimn\u00ed kurzy 2021 <\/strong><\/p>\n<p><strong>Tematick\u00e9 v\u00fdcvikov\u00e9 st\u0159edy od 16.30<\/strong><br \/>\nVhodn\u00e9 pro v\u0161echny se psy i pro ty, kte\u0159\u00ed uva\u017euj\u00ed o po\u0159\u00edzen\u00ed psa. Psa m\u016f\u017eeme zap\u016fj\u010dit.<br \/>\n5 Lekc\u00ed po 60 min. Cena 250 K\u010d za individu\u00e1ln\u00ed hodinu, p\u0159i zakoupen\u00ed 5 lekc\u00ed 1100 K\u010d<br \/>\nM\u00edsto kon\u00e1n\u00ed: Zaje\u010dice 66, Py\u0161ely.<\/p>\n<hr \/>\n<p>&nbsp;<\/p>\n<p><strong>Socializace \u0161t\u011b\u0148at a mal\u00fdch ps\u016f <\/strong> Je vhodn\u00e1 pro \u0161t\u011b\u0148\u00e1tka velk\u00fdch a st\u0159edn\u00edch plemen od ukon\u010den\u00e9ho o\u010dkov\u00e1n\u00ed cca od 3 m\u011bs\u00edce do 8-10<br \/>\nm\u011bs\u00edc\u016f nebo mal\u00fdch pejsk\u016f, kte\u0159\u00ed se nec\u00edt\u00ed dob\u0159e mezi ostatn\u00edmi velk\u00fdmi psy.<\/p>\n<p><strong>10 Lekc\u00ed po 60 min. Cena 250 K\u010d za individu\u00e1ln\u00ed hodinu, p\u0159i zakoupen\u00ed 10 lekc\u00ed 2 200 K\u010d <\/strong><\/p>\n<hr \/>\n<p>&nbsp;<\/p>\n<p><strong> Kurz d\u011bt\u00ed a pejsk\u016f <\/strong><br \/>\nVhodn\u00e9 pro d\u011bti, kter\u00e9 nemaj\u00ed pejska a tou\u017e\u00ed po n\u011bm nebo maj\u00ed a cht\u011bj\u00ed se nau\u010dit o n\u011bj spr\u00e1vn\u011b starat.<br \/>\nV p\u0159\u00edpad\u011b vlastn\u00edho psa, pros\u00edm konzultace p\u0159ed zah\u00e1jen\u00edm kurzu<br \/>\nD\u00e9lka lekce je 60 min. N\u00e1pl\u0148 bude pr\u00e1ce se psy-v\u00fdcvik, ale i teorie a p\u00e9\u010de o psa.<br \/>\n<strong>5 Lekc\u00ed po 60 min. Cena 250 K\u010d za individu\u00e1ln\u00ed hodinu, p\u0159i zakoupen\u00ed 5 lekc\u00ed 1100 K\u010d <\/strong><br \/>\nM\u00edsto kon\u00e1n\u00ed: Zaje\u010dice 66, Py\u0161ely.<\/p>\n<p><strong>Den:<\/strong> jednou za 14dn\u00ed st\u0159eda od 16.30<\/p>\n<p>V\u00edce informaci na <a href=\"http:\/\/hravypsik.cz\">www.hravypsik.cz <\/a>nebo\u00a0<strong> na tel: 603 213 124 nebo mailu dana.drmelova@seznam.cz<\/p>\n<p>Na lekce je nutn\u00e9 se p\u0159ihl\u00e1sit, nejpozd\u011bji den p\u0159edem, a to do 20 h. V p\u0159\u00edpad\u011b zakoupen\u00ed permanentky se<br \/>\np\u0159edem hl\u00e1sit nemus\u00edte. <\/strong><\/p>\n<hr \/>\n<p>&nbsp;<\/p>\n<p style=\"text-align: center;\"><strong><span style=\"color: #ff0000;\">Individu\u00e1ln\u00ed v\u00fdcvik nov\u011b prob\u00edh\u00e1 v lokalit\u011b Bene\u0161ov, Vla\u0161im a okol\u00ed, dal\u0161\u00ed lokality po domluv\u011b nebo na cvi\u010di\u0161ti v Zaje\u010dicich<\/span><br \/>\n<\/strong><\/p>\n<p style=\"text-align: center;\">tr\u00e9nujeme spr\u00e1vn\u00e9 p\u0159ivol\u00e1n\u00ed, ch\u016fze na vod\u00edtku, kontakt s jin\u00fdmi psy, motivace a kontakt psa na sebe&#8230;.P\u0159\u00edpadn\u011b se zam\u011b\u0159\u00edme na V\u00e1\u0161 probl\u00e9m, kter\u00fd m\u00e1te.<\/p>\n<p style=\"text-align: center;\">V\u00fdcvik je v terenu, formou proch\u00e1zky, \u010das cca 60min<\/p>\n<p style=\"text-align: center;\"><strong>\u00a0Cvi\u010d\u00edme jak \u0161t\u011b\u0148\u00e1tka, tak i dosp\u011bl\u00e1ky. Nab\u00edz\u00edme jednotliv\u00e9 lekce, ale doporu\u010dujeme minim\u00e1ln\u011b 1 lekci za t\u00fdden a aby cvi\u010den\u00ed m\u011blo ten spr\u00e1vn\u00fd v\u00fdsledek je pot\u0159eba minim\u00e1ln\u011b 10ti lekc\u00ed.<\/strong><\/p>\n<p>Cvi\u010d\u00edme pejsky s\u00a0p\u00e1n\u00ed\u010dky i bez p\u00e1n\u00ed\u010dk\u016f. Nem\u00e1te-li \u010das, m\u016f\u017eeme psa vyzvednout a j\u00edt s n\u00edm cvi\u010dit sami. Ov\u0161em i tak doporu\u010dujeme minim\u00e1ln\u011b 1-2 lekce s\u00a0V\u00e1mi, aby jste vid\u011bli, co se pejsek nau\u010dil a nau\u010dili se s n\u00edm pracovat i Vy.<\/p>\n<p><strong>Cen\u00edk:<\/strong><\/p>\n<ul>\n<li>1x lekce 380K\u010d<\/li>\n<li>10x lekc\u00ed 3500K\u010d- zakoupen\u00ed najednou<\/li>\n<li>Pokra\u010dovac\u00ed lekce 300K\u010d\/hod (po absolvov\u00e1n\u00ed prvn\u00edch 10lekc\u00ed)<\/li>\n<li>dle lokality p\u0159\u00edplatek na naftu<\/li>\n<\/ul>\n<p>V\u00edce informac\u00ed na emailu info@luludog.cz nebo na tel. 605219797 &#8211; pozor v m\u00edst\u011b bydli\u0161t\u011b m\u00e1m \u0161patn\u00fd signal, v p\u0159\u00edpadn\u011b nedostupnosti pi\u0161t\u011b sms<\/p>\n<p style=\"text-align: center;\"><a href=\"http:\/\/www.luludog.cz\/wp-content\/uploads\/2014\/05\/IMG_0327.jpg\"><img loading=\"lazy\" decoding=\"async\" class=\"aligncenter  wp-image-1041\" src=\"http:\/\/www.luludog.cz\/wp-content\/uploads\/2014\/05\/IMG_0327.jpg\" alt=\"img_0327\" width=\"545\" height=\"365\" srcset=\"https:\/\/www.luludog.cz\/wp-content\/uploads\/2014\/05\/IMG_0327.jpg 4504w, https:\/\/www.luludog.cz\/wp-content\/uploads\/2014\/05\/IMG_0327-150x101.jpg 150w, https:\/\/www.luludog.cz\/wp-content\/uploads\/2014\/05\/IMG_0327-300x201.jpg 300w, https:\/\/www.luludog.cz\/wp-content\/uploads\/2014\/05\/IMG_0327-510x342.jpg 510w, https:\/\/www.luludog.cz\/wp-content\/uploads\/2014\/05\/IMG_0327-1140x764.jpg 1140w\" sizes=\"auto, (max-width: 545px) 100vw, 545px\" \/><\/a><\/p>\n<p style=\"text-align: center;\"><strong>\u00a0<\/strong><\/p>\n<p><a href=\"http:\/\/www.luludog.cz\/wp-content\/uploads\/2014\/05\/IMG_0509.jpg\"><img loading=\"lazy\" decoding=\"async\" class=\"aligncenter  wp-image-1042\" src=\"http:\/\/www.luludog.cz\/wp-content\/uploads\/2014\/05\/IMG_0509.jpg\" alt=\"img_0509\" width=\"437\" height=\"291\" srcset=\"https:\/\/www.luludog.cz\/wp-content\/uploads\/2014\/05\/IMG_0509.jpg 5184w, https:\/\/www.luludog.cz\/wp-content\/uploads\/2014\/05\/IMG_0509-150x100.jpg 150w, https:\/\/www.luludog.cz\/wp-content\/uploads\/2014\/05\/IMG_0509-300x200.jpg 300w, https:\/\/www.luludog.cz\/wp-content\/uploads\/2014\/05\/IMG_0509-510x340.jpg 510w, https:\/\/www.luludog.cz\/wp-content\/uploads\/2014\/05\/IMG_0509-1140x760.jpg 1140w\" sizes=\"auto, (max-width: 437px) 100vw, 437px\" \/><\/a><\/p>\n","protected":false},"excerpt":{"rendered":"<p>Nab\u00edz\u00edme spole\u010dn\u00e9 v\u00fdcvikov\u00e9 kurzy na rodinn\u00e9m cvi\u010di\u0161ti a nebo soukrom\u00e9 lekce i v jin\u00e9 lokalit\u011b Cvi\u010d\u00e1k Zaje\u010dice Podzimn\u00ed kurzy 2021 Tematick\u00e9 v\u00fdcvikov\u00e9 st\u0159edy od 16.30 Vhodn\u00e9 pro v\u0161echny se psy i pro ty, kte\u0159\u00ed uva\u017euj\u00ed o po\u0159\u00edzen\u00ed psa. Psa m\u016f\u017eeme zap\u016fj\u010dit. 5 Lekc\u00ed po 60 min. Cena 250 K\u010d za individu\u00e1ln\u00ed hodinu, p\u0159i zakoupen\u00ed 5 [&hellip;]<\/p>\n","protected":false},"author":1,"featured_media":0,"parent":0,"menu_order":0,"comment_status":"open","ping_status":"open","template":"","meta":{"footnotes":""},"class_list":["post-34","page","type-page","status-publish","hentry"],"_links":{"self":[{"href":"https:\/\/www.luludog.cz\/index.php?rest_route=\/wp\/v2\/pages\/34","targetHints":{"allow":["GET"]}}],"collection":[{"href":"https:\/\/www.luludog.cz\/index.php?rest_route=\/wp\/v2\/pages"}],"about":[{"href":"https:\/\/www.luludog.cz\/index.php?rest_route=\/wp\/v2\/types\/page"}],"author":[{"embeddable":true,"href":"https:\/\/www.luludog.cz\/index.php?rest_route=\/wp\/v2\/users\/1"}],"replies":[{"embeddable":true,"href":"https:\/\/www.luludog.cz\/index.php?rest_route=%2Fwp%2Fv2%2Fcomments&post=34"}],"version-history":[{"count":21,"href":"https:\/\/www.luludog.cz\/index.php?rest_route=\/wp\/v2\/pages\/34\/revisions"}],"predecessor-version":[{"id":1186,"href":"https:\/\/www.luludog.cz\/index.php?rest_route=\/wp\/v2\/pages\/34\/revisions\/1186"}],"wp:attachment":[{"href":"https:\/\/www.luludog.cz\/index.php?rest_route=%2Fwp%2Fv2%2Fmedia&parent=34"}],"curies":[{"name":"wp","href":"https:\/\/api.w.org\/{rel}","templated":true}]}}