{"id":1112,"date":"2017-12-06T18:59:24","date_gmt":"2017-12-06T17:59:24","guid":{"rendered":"http:\/\/www.luludog.cz\/?page_id=1112"},"modified":"2020-02-28T15:44:55","modified_gmt":"2020-02-28T14:44:55","slug":"hotel-pro-psy","status":"publish","type":"page","link":"https:\/\/www.luludog.cz\/?page_id=1112","title":{"rendered":"Ps\u00ed hotel Zaje\u010dice"},"content":{"rendered":"<h3 style=\"text-align: center;\"><span style=\"color: #ff0000;\"><strong>Nab\u00edz\u00edme kotcov\u00e9 a soukrom\u00e9 dom\u00e1c\u00ed hl\u00edd\u00e1n\u00ed, pro Va\u0161e pejsky<\/strong><\/span><\/h3>\n<hr \/>\n<p style=\"text-align: center;\"><strong><span style=\"color: #ff0000;\">Hotel pro psy<\/span>&#8211; v luxusn\u00edch pokoj\u00ed\u010dk\u00e1ch s vlastn\u00edm v\u00fdb\u011bhem. Pokoj\u00ed\u010dky jsou zateplen\u00e9 a izolovan\u00e9 (mo\u017enost v zimn\u00edm obdob\u00ed p\u0159it\u00e1p\u011bn\u00ed) dost prostorn\u00fd a pohodln\u00fd i pro velk\u00e9 psy. Ke ka\u017ed\u00e9mu pokoj\u00ed\u010dku n\u00e1le\u017e\u00ed vlastn\u00ed oplocen\u00fd v\u00fdb\u011bh, kter\u00fd m\u00e1 pejsek k dispozici. Psi jsou pod dozorem a maj\u00ed mo\u017enost se prob\u011bhnout i na velk\u00e9 zahrad\u011b.<\/strong><\/p>\n<p style=\"text-align: center;\"><strong><span style=\"color: #ff0000;\">Soukrom\u00e9 domac\u00ed h\u00edd\u00e1n\u00ed<\/span>&#8211; pejsek je za\u0159azen\u00fd do na\u0161\u00ed dom\u00e1cnosti, kde m\u00e1 lidskou i ps\u00ed spole\u010dnost (po domluv\u011b jde za\u0159\u00eddit bez ostatn\u00edch ps\u016f). Pejsky pravideln\u011b ven\u010d\u00edme a k dispozici m\u00e1j\u00ed velkou zahradu, pohodln\u00fd pel\u00ed\u0161ek, hra\u010dky, misku na krmen\u00ed a cel\u00fd den m\u00e1j\u00ed k dispozici\u00a0 misku s \u010derstvou vodou. Pro aktivn\u00ed pejsky m\u00e1me program v podob\u011b dlouh\u00fdch proch\u00e1zek, v l\u00e9t\u011b mo\u017enost koup\u00e1n\u00ed nebo b\u011bh\u00e1n\u00ed u kola a dal\u0161\u00ed z\u00e1bavu ;) Jestli je pejsek leniv\u011bj\u0161\u00ed a d\u00e1 p\u0159ednost odpo\u010dinku, nem\u00e1me s t\u00edm probl\u00e9m a poskytneme mu to nejlep\u0161\u00ed pohodl\u00ed :)<\/strong><\/p>\n<p style=\"text-align: center;\">Fungujeme v rodinn\u00e9 atmosfe\u0159e, jsme radi, kdy\u017e se k n\u00e1m vrac\u00edte a pejsk\u016fm se u n\u00e1s l\u00edb\u00ed. Kapacita je omezen\u00e1 a dovolujeme si pr\u00e1vo probl\u00e9mov\u00e9ho pejska, kter\u00fd naru\u0161uje pohodovou atmosferu, nep\u0159\u00edjmout. P\u0159ed prvn\u00edm pobytem je vhodn\u00e1 n\u00e1v\u0161t\u011bva, aby jsme se sezn\u00e1mili a v\u00e1s i pejska poznali a domluvili v\u0161e pot\u0159ebn\u00e9.<\/p>\n<p style=\"text-align: center;\"><strong>Ps\u00ed hotel se nach\u00e1z\u00ed v lokalit\u011b\u00a0 <span style=\"color: #ff0000;\">Praha v\u00fdchod- Zaje\u010dice 66<br \/>\n<\/span><\/strong><\/p>\n<p style=\"text-align: center;\"><a href=\"http:\/\/www.luludog.cz\/wp-content\/uploads\/2014\/05\/IMG_4275.jpg\"><img loading=\"lazy\" decoding=\"async\" class=\" size-medium wp-image-1108 aligncenter\" src=\"http:\/\/www.luludog.cz\/wp-content\/uploads\/2014\/05\/IMG_4275-300x209.jpg\" alt=\"IMG_4275\" width=\"300\" height=\"209\" srcset=\"https:\/\/www.luludog.cz\/wp-content\/uploads\/2014\/05\/IMG_4275-300x209.jpg 300w, https:\/\/www.luludog.cz\/wp-content\/uploads\/2014\/05\/IMG_4275-150x104.jpg 150w, https:\/\/www.luludog.cz\/wp-content\/uploads\/2014\/05\/IMG_4275-510x355.jpg 510w, https:\/\/www.luludog.cz\/wp-content\/uploads\/2014\/05\/IMG_4275-1140x794.jpg 1140w\" sizes=\"auto, (max-width: 300px) 100vw, 300px\" \/><\/a><\/p>\n<p><strong>Co v\u0161echno pot\u0159ebuje pejsek k n\u00e1m na hl\u00edd\u00e1n\u00ed?\u00a0<\/strong><\/p>\n<ul>\n<li><strong>platn\u00fd o\u010dkovac\u00ed pr\u016fkaz<br \/>\n<\/strong><\/li>\n<li><strong>ide\u00e1ln\u011b krmen\u00ed na kter\u00e9 je zvykl\u00ed- je to lep\u0161\u00ed, proto\u017ee zm\u011bnou krmen\u00ed hroz\u00ed za\u017e\u00edvac\u00ed pot\u00ed\u017ee<\/strong><\/li>\n<li><strong>sv\u016fj obojek, k\u0161\u00edry- vod\u00edtko<\/strong><\/li>\n<li>m\u016f\u017eete- misky, pel\u00ed\u0161ek, hra\u010dky, ale nen\u00ed nutnost\u00ed, v\u0161e m\u00e1me<\/li>\n<li><strong>jestli m\u00e1 pejsek zdravotn\u00ed omezen\u00ed- l\u00e9ky je nutn\u00e9 n\u00e1s o tom informovat<\/strong><\/li>\n<\/ul>\n<p><strong>Cena ps\u00edho hotelu<\/strong><\/p>\n<ul>\n<li>24hod\/ 400,- Ka\u017ed\u00e1 dal\u0161\u00ed zapo\u010dat\u00e1 hodina 50K\u010d<\/li>\n<\/ul>\n<p>Cena soukrom\u00e9ho dom\u00e1c\u00edho hl\u00edd\u00e1n\u00ed- v dom\u011b<\/p>\n<ul>\n<li>24hod\/500,- (malej pes 400,-)ka\u017ed\u00e1 dal\u0161\u00ed zapo\u010dat\u00e1 hodina 50K\u010d<\/li>\n<\/ul>\n<p><span style=\"color: #ff0000;\">H\u00e1rav\u00e9 feny a psy se zv\u00fd\u0161enou p\u00e9\u010d\u00ed, p\u0159\u00edj\u00edmame pouze po domluv\u011b a cena m\u016f\u017ee b\u00fdt vy\u0161\u0161\u00ed, dle naro\u010dnosti a obdob\u00ed hl\u00edd\u00e1n\u00ed.<br \/>\n<\/span><\/p>\n<p style=\"text-align: left;\"><em>Krmivo nen\u00ed zahrnuto v\u00a0cen\u011b (mo\u017enost p\u0159\u00edplatku za n\u00e1mi pod\u00e1van\u00e9 krmivo nebo m\u016f\u017eete podat vlastn\u00ed krmivo, na kter\u00e9 je pejsek zvykl\u00fd- doporu\u010duji).<br \/>\n<\/em><\/p>\n<p style=\"text-align: left;\"><a href=\"http:\/\/www.luludog.cz\/wp-content\/uploads\/2017\/12\/IMG_5813.jpg\"><img loading=\"lazy\" decoding=\"async\" class=\"  wp-image-1142 alignleft\" src=\"http:\/\/www.luludog.cz\/wp-content\/uploads\/2017\/12\/IMG_5813-150x108.jpg\" alt=\"IMG_5813\" width=\"205\" height=\"148\" srcset=\"https:\/\/www.luludog.cz\/wp-content\/uploads\/2017\/12\/IMG_5813-150x108.jpg 150w, https:\/\/www.luludog.cz\/wp-content\/uploads\/2017\/12\/IMG_5813-300x216.jpg 300w, https:\/\/www.luludog.cz\/wp-content\/uploads\/2017\/12\/IMG_5813-510x368.jpg 510w, https:\/\/www.luludog.cz\/wp-content\/uploads\/2017\/12\/IMG_5813-1140x822.jpg 1140w\" sizes=\"auto, (max-width: 205px) 100vw, 205px\" \/><\/a> <a href=\"http:\/\/www.luludog.cz\/wp-content\/uploads\/2017\/12\/IMG_5815.jpg\"><img loading=\"lazy\" decoding=\"async\" class=\" size-medium wp-image-1143 alignright\" src=\"http:\/\/www.luludog.cz\/wp-content\/uploads\/2017\/12\/IMG_5815-300x169.jpg\" alt=\"IMG_5815\" width=\"300\" height=\"169\" srcset=\"https:\/\/www.luludog.cz\/wp-content\/uploads\/2017\/12\/IMG_5815-300x169.jpg 300w, https:\/\/www.luludog.cz\/wp-content\/uploads\/2017\/12\/IMG_5815-150x85.jpg 150w, https:\/\/www.luludog.cz\/wp-content\/uploads\/2017\/12\/IMG_5815-510x288.jpg 510w, https:\/\/www.luludog.cz\/wp-content\/uploads\/2017\/12\/IMG_5815-1140x643.jpg 1140w\" sizes=\"auto, (max-width: 300px) 100vw, 300px\" \/><\/a> <a href=\"http:\/\/www.luludog.cz\/wp-content\/uploads\/2017\/12\/IMG_5823.jpg\"><img loading=\"lazy\" decoding=\"async\" class=\"  wp-image-1144 alignleft\" src=\"http:\/\/www.luludog.cz\/wp-content\/uploads\/2017\/12\/IMG_5823-300x200.jpg\" alt=\"IMG_5823\" width=\"303\" height=\"202\" srcset=\"https:\/\/www.luludog.cz\/wp-content\/uploads\/2017\/12\/IMG_5823-300x200.jpg 300w, https:\/\/www.luludog.cz\/wp-content\/uploads\/2017\/12\/IMG_5823-150x100.jpg 150w, https:\/\/www.luludog.cz\/wp-content\/uploads\/2017\/12\/IMG_5823-510x340.jpg 510w, https:\/\/www.luludog.cz\/wp-content\/uploads\/2017\/12\/IMG_5823-1140x760.jpg 1140w\" sizes=\"auto, (max-width: 303px) 100vw, 303px\" \/><\/a> <a href=\"http:\/\/www.luludog.cz\/wp-content\/uploads\/2017\/12\/IMG_5828.jpg\"><img loading=\"lazy\" decoding=\"async\" class=\" size-medium wp-image-1145 alignright\" src=\"http:\/\/www.luludog.cz\/wp-content\/uploads\/2017\/12\/IMG_5828-300x200.jpg\" alt=\"IMG_5828\" width=\"300\" height=\"200\" srcset=\"https:\/\/www.luludog.cz\/wp-content\/uploads\/2017\/12\/IMG_5828-300x200.jpg 300w, https:\/\/www.luludog.cz\/wp-content\/uploads\/2017\/12\/IMG_5828-150x100.jpg 150w, https:\/\/www.luludog.cz\/wp-content\/uploads\/2017\/12\/IMG_5828-510x340.jpg 510w, https:\/\/www.luludog.cz\/wp-content\/uploads\/2017\/12\/IMG_5828-1140x760.jpg 1140w\" sizes=\"auto, (max-width: 300px) 100vw, 300px\" \/><\/a><\/p>\n<hr \/>\n<h3 style=\"text-align: center;\"><strong><span style=\"color: #ff0000;\">Mo\u017enost domluvit k pobytu v\u00fdcvik psa<\/span><\/strong><\/h3>\n<p style=\"text-align: center;\"><strong>Hl\u00edd\u00e1n\u00ed pejska je nutn\u00e9 objednat p\u0159edem (\u010d\u00edm d\u0159\u00edve, t\u00edm l\u00edpe). K pejsk\u016fm p\u0159istupujeme individu\u00e1ln\u011b a p\u0159izpusob\u00edme mu tak re\u017eim, aby se u n\u00e1s c\u00edt\u00edl co nejl\u00e9pe. P\u0159ed\u00a0\u00a0 prvn\u00edm pobytem se m\u016f\u017eeme domluvit na spole\u010dn\u00e9 proch\u00e1zce a nebo se p\u0159ije\u010fte pod\u00edvat ;)<\/strong><\/p>\n<h2 style=\"text-align: center;\"><strong><em><span style=\"color: #ff0000;\">Kapacita omezen\u00e1.\u00a0 Rezervace emailem dana.drmelova@seznam.cz nebo na 603 213 124<\/span><br \/>\n<\/em><\/strong><\/h2>\n<p style=\"text-align: center;\"><strong><em>Te\u0161\u00edme se :)<\/em> <\/strong><\/p>\n","protected":false},"excerpt":{"rendered":"<p>Nab\u00edz\u00edme kotcov\u00e9 a soukrom\u00e9 dom\u00e1c\u00ed hl\u00edd\u00e1n\u00ed, pro Va\u0161e pejsky Hotel pro psy&#8211; v luxusn\u00edch pokoj\u00ed\u010dk\u00e1ch s vlastn\u00edm v\u00fdb\u011bhem. Pokoj\u00ed\u010dky jsou zateplen\u00e9 a izolovan\u00e9 (mo\u017enost v zimn\u00edm obdob\u00ed p\u0159it\u00e1p\u011bn\u00ed) dost prostorn\u00fd a pohodln\u00fd i pro velk\u00e9 psy. Ke ka\u017ed\u00e9mu pokoj\u00ed\u010dku n\u00e1le\u017e\u00ed vlastn\u00ed oplocen\u00fd v\u00fdb\u011bh, kter\u00fd m\u00e1 pejsek k dispozici. Psi jsou pod dozorem a maj\u00ed mo\u017enost [&hellip;]<\/p>\n","protected":false},"author":1,"featured_media":0,"parent":0,"menu_order":0,"comment_status":"closed","ping_status":"closed","template":"","meta":{"footnotes":""},"class_list":["post-1112","page","type-page","status-publish","hentry"],"_links":{"self":[{"href":"https:\/\/www.luludog.cz\/index.php?rest_route=\/wp\/v2\/pages\/1112","targetHints":{"allow":["GET"]}}],"collection":[{"href":"https:\/\/www.luludog.cz\/index.php?rest_route=\/wp\/v2\/pages"}],"about":[{"href":"https:\/\/www.luludog.cz\/index.php?rest_route=\/wp\/v2\/types\/page"}],"author":[{"embeddable":true,"href":"https:\/\/www.luludog.cz\/index.php?rest_route=\/wp\/v2\/users\/1"}],"replies":[{"embeddable":true,"href":"https:\/\/www.luludog.cz\/index.php?rest_route=%2Fwp%2Fv2%2Fcomments&post=1112"}],"version-history":[{"count":13,"href":"https:\/\/www.luludog.cz\/index.php?rest_route=\/wp\/v2\/pages\/1112\/revisions"}],"predecessor-version":[{"id":1172,"href":"https:\/\/www.luludog.cz\/index.php?rest_route=\/wp\/v2\/pages\/1112\/revisions\/1172"}],"wp:attachment":[{"href":"https:\/\/www.luludog.cz\/index.php?rest_route=%2Fwp%2Fv2%2Fmedia&parent=1112"}],"curies":[{"name":"wp","href":"https:\/\/api.w.org\/{rel}","templated":true}]}}