{"id":1028,"date":"2016-12-25T16:43:46","date_gmt":"2016-12-25T15:43:46","guid":{"rendered":"http:\/\/www.luludog.cz\/?page_id=1028"},"modified":"2018-01-20T11:59:27","modified_gmt":"2018-01-20T10:59:27","slug":"sweet-bazl","status":"publish","type":"page","link":"https:\/\/www.luludog.cz\/?page_id=1028","title":{"rendered":"Chovatelsk\u00e1 stanice Sweet Bazl"},"content":{"rendered":"<p style=\"text-align: center;\"><em><strong>\u00a0<\/strong><\/em><\/p>\n<p style=\"text-align: center;\"><strong>Chovatelsk\u00e1 stanice Bostonsk\u00fdch terier\u016f<\/strong><\/p>\n<p style=\"text-align: center;\"><strong>Na\u0161e mezin\u00e1rodn\u011b chr\u00e1n\u011bn\u00e1 chovatelsk\u00e1 stanice Sweet Bazl byla zaregistrov\u00e1na pod FCI v roce 2014. <\/strong><\/p>\n<p style=\"text-align: center;\">Od t\u00e9 doby, jsme usp\u011b\u0161n\u011b, odchovali n\u011bkolik kvalitn\u00edch vrh\u016f bostonk\u016f. V\u00edce informac\u00ed naleznete zde:<\/p>\n<p style=\"text-align: center;\"><a href=\"http:\/\/www.sweetbazl.cz\">www.sweetbazl.cz<\/a><\/p>\n<p style=\"text-align: center;\"><a href=\"http:\/\/www.luludog.cz\/wp-content\/uploads\/2016\/12\/DSC_0023.jpg\"><img loading=\"lazy\" decoding=\"async\" class=\" size-medium wp-image-1126 aligncenter\" src=\"http:\/\/www.luludog.cz\/wp-content\/uploads\/2016\/12\/DSC_0023-300x145.jpg\" alt=\"DSC_0023\" width=\"300\" height=\"145\" srcset=\"https:\/\/www.luludog.cz\/wp-content\/uploads\/2016\/12\/DSC_0023-300x145.jpg 300w, https:\/\/www.luludog.cz\/wp-content\/uploads\/2016\/12\/DSC_0023-150x72.jpg 150w, https:\/\/www.luludog.cz\/wp-content\/uploads\/2016\/12\/DSC_0023-510x246.jpg 510w, https:\/\/www.luludog.cz\/wp-content\/uploads\/2016\/12\/DSC_0023-1140x551.jpg 1140w\" sizes=\"auto, (max-width: 300px) 100vw, 300px\" \/><\/a><\/p>\n<p>&nbsp;<\/p>\n","protected":false},"excerpt":{"rendered":"<p>\u00a0 Chovatelsk\u00e1 stanice Bostonsk\u00fdch terier\u016f Na\u0161e mezin\u00e1rodn\u011b chr\u00e1n\u011bn\u00e1 chovatelsk\u00e1 stanice Sweet Bazl byla zaregistrov\u00e1na pod FCI v roce 2014. Od t\u00e9 doby, jsme usp\u011b\u0161n\u011b, odchovali n\u011bkolik kvalitn\u00edch vrh\u016f bostonk\u016f. V\u00edce informac\u00ed naleznete zde: www.sweetbazl.cz &nbsp;<\/p>\n","protected":false},"author":1,"featured_media":0,"parent":0,"menu_order":0,"comment_status":"closed","ping_status":"closed","template":"","meta":{"footnotes":""},"class_list":["post-1028","page","type-page","status-publish","hentry"],"_links":{"self":[{"href":"https:\/\/www.luludog.cz\/index.php?rest_route=\/wp\/v2\/pages\/1028","targetHints":{"allow":["GET"]}}],"collection":[{"href":"https:\/\/www.luludog.cz\/index.php?rest_route=\/wp\/v2\/pages"}],"about":[{"href":"https:\/\/www.luludog.cz\/index.php?rest_route=\/wp\/v2\/types\/page"}],"author":[{"embeddable":true,"href":"https:\/\/www.luludog.cz\/index.php?rest_route=\/wp\/v2\/users\/1"}],"replies":[{"embeddable":true,"href":"https:\/\/www.luludog.cz\/index.php?rest_route=%2Fwp%2Fv2%2Fcomments&post=1028"}],"version-history":[{"count":9,"href":"https:\/\/www.luludog.cz\/index.php?rest_route=\/wp\/v2\/pages\/1028\/revisions"}],"predecessor-version":[{"id":1128,"href":"https:\/\/www.luludog.cz\/index.php?rest_route=\/wp\/v2\/pages\/1028\/revisions\/1128"}],"wp:attachment":[{"href":"https:\/\/www.luludog.cz\/index.php?rest_route=%2Fwp%2Fv2%2Fmedia&parent=1028"}],"curies":[{"name":"wp","href":"https:\/\/api.w.org\/{rel}","templated":true}]}}